{"id":3914,"date":"2023-09-15T16:30:03","date_gmt":"2023-09-15T14:30:03","guid":{"rendered":"https:\/\/tenutebellamarina.com\/storia\/"},"modified":"2024-07-11T16:44:20","modified_gmt":"2024-07-11T14:44:20","slug":"vignaioli","status":"publish","type":"page","link":"https:\/\/tenutebellamarina.com\/it\/vignaioli\/","title":{"rendered":"Storia"},"content":{"rendered":"\t\t<div data-elementor-type=\"wp-page\" data-elementor-id=\"3914\" class=\"elementor elementor-3914 elementor-1993\" data-elementor-settings=\"{&quot;page_masthead_header_background_color&quot;:&quot;#ffffff&quot;,&quot;page_masthead_featured_background_color&quot;:&quot;#f8f8f8&quot;}\" data-elementor-post-type=\"page\">\n\t\t\t\t\t\t<section data-particle_enable=\"false\" data-particle-mobile-disabled=\"false\" class=\"elementor-section elementor-top-section elementor-element elementor-element-4070189 elementor-section-full_width bg-light-3 pt-large offset_bottom mb-large elementor-section-height-default elementor-section-height-default\" data-id=\"4070189\" data-element_type=\"section\" data-settings=\"{&quot;theme_section_color&quot;:&quot;bg-light-3&quot;}\">\n\t\t\t\t\t\t<div class=\"elementor-container elementor-column-gap-no\">\n\t\t\t\t\t<div class=\"elementor-column elementor-col-100 elementor-top-column elementor-element elementor-element-f11745d\" data-id=\"f11745d\" data-element_type=\"column\">\n\t\t\t<div class=\"elementor-widget-wrap elementor-element-populated\">\n\t\t\t\t\t\t<section data-particle_enable=\"false\" data-particle-mobile-disabled=\"false\" class=\"elementor-section elementor-inner-section elementor-element elementor-element-f3d572d elementor-section-boxed elementor-section-height-default elementor-section-height-default\" data-id=\"f3d572d\" data-element_type=\"section\">\n\t\t\t\t\t\t<div class=\"elementor-container elementor-column-gap-no\">\n\t\t\t\t\t<div class=\"elementor-column elementor-col-100 elementor-inner-column elementor-element elementor-element-02f7e27\" data-id=\"02f7e27\" data-element_type=\"column\">\n\t\t\t<div class=\"elementor-widget-wrap elementor-element-populated\">\n\t\t\t\t\t\t<div class=\"elementor-element elementor-element-9afe922 elementor-widget elementor-widget-kinsey-widget-content-block\" data-id=\"9afe922\" data-element_type=\"widget\" data-widget_type=\"kinsey-widget-content-block.default\">\n\t\t\t\t<div class=\"elementor-widget-container\">\n\t\t\t\t\t<div class=\"section section-content\">\n\t\t\t\t\t\t<div class=\"section-content__content content arts-split-text js-arts-split-text\" data-arts-split-text=\"lines\" data-arts-split-text-set=\"lines\" data-arts-split-text-overflow-wrap=\"lines\" data-arts-os-animation=\"true\" data-arts-os-animation-name=\"animateText\"><h2>Le origini di Tenute Bellamarina, documentate fin dal XVI secolo e ancor pi\u00f9 antiche, sono sempre state guidate da figure femminili, che hanno portato con loro un'eredit\u00e0 di forza e dedizione che continua ancora oggi.<\/h2><\/div>\n\t\t\t\t\t<\/div>\n\t\t\t\t<\/div>\n\t\t\t\t<\/div>\n\t\t\t\t\t<\/div>\n\t\t<\/div>\n\t\t\t\t\t<\/div>\n\t\t<\/section>\n\t\t\t\t<section data-particle_enable=\"false\" data-particle-mobile-disabled=\"false\" class=\"elementor-section elementor-inner-section elementor-element elementor-element-77bed78 elementor-section-full_width mt-small elementor-section-height-default elementor-section-height-default\" data-id=\"77bed78\" data-element_type=\"section\">\n\t\t\t\t\t\t<div class=\"elementor-container elementor-column-gap-no\">\n\t\t\t\t\t<div class=\"elementor-column elementor-col-100 elementor-inner-column elementor-element elementor-element-3f05376\" data-id=\"3f05376\" data-element_type=\"column\">\n\t\t\t<div class=\"elementor-widget-wrap elementor-element-populated\">\n\t\t\t\t\t\t<div class=\"elementor-element elementor-element-9221030 elementor-widget elementor-widget-kinsey-widget-parallax-background\" data-id=\"9221030\" data-element_type=\"widget\" data-widget_type=\"kinsey-widget-parallax-background.default\">\n\t\t\t\t<div class=\"elementor-widget-container\">\n\t\t\t\n\t\t<div class=\"section section-image section-content section_w-container-right\">\n\t\t\t<div class=\"section-image__wrapper overflow\">\n\t\t\t\t\n\t<div class=\"mask-reveal js-arts-parallax overflow h-100\" data-arts-os-animation=\"true\" data-arts-os-animation-name=\"animateMask\" data-arts-os-animation-params=\"{&quot;direction&quot;:&quot;right&quot;,&quot;scale&quot;:1.2}\" data-arts-parallax-target=\"innerElement\" data-arts-parallax-scrub=\"true\" data-arts-parallax-factor-y=\"0.1\">\n\n\t\t\t<div class=\"mask-reveal__layer mask-reveal__layer-1\">\n\t\t\t<div class=\"mask-reveal__layer mask-reveal__layer-2\">\n\t\n\t\t\n\t\t\t\t\t\t\t<div class=\"js-arts-parallax__scrub w-100 h-100\">\n\t\t\t\n\t\t\t\t\t\n\t\t\t\t\t\t\t<img fetchpriority=\"high\" decoding=\"async\" class=\"lazy-bg of-cover\" src=\"data:image\/png;base64,iVBORw0KGgoAAAANSUhEUgAAAAEAAAABCAQAAAHCGzyUAAAABGdBTUEAALGPC\/xhBQAAADhlWElmTU0AKgAAAAgAAYdpAAQAAAABAAAAGgAAAAAAAqACAAQAAAABAAAAAaADAAQAAAABAAAAAQAAAADa6r\/EAAAAC0lEQVQI12NolQQAASYAn89qhTcAAAAASUVORK5CYII=\" data-id=\"3334\" data-src=\"https:\/\/tenutebellamarina.com\/wp-content\/smush-avif\/2024\/05\/storia-01.jpg.avif\" width=\"1920\" height=\"1280\" data-srcset=\"https:\/\/tenutebellamarina.com\/wp-content\/smush-avif\/2024\/05\/storia-01.jpg.avif 1920w, https:\/\/tenutebellamarina.com\/wp-content\/smush-avif\/2024\/05\/storia-01-300x200.jpg.avif 300w, https:\/\/tenutebellamarina.com\/wp-content\/smush-avif\/2024\/05\/storia-01-1024x683.jpg.avif 1024w, https:\/\/tenutebellamarina.com\/wp-content\/smush-avif\/2024\/05\/storia-01-768x512.jpg.avif 768w, https:\/\/tenutebellamarina.com\/wp-content\/smush-avif\/2024\/05\/storia-01-1536x1024.jpg.avif 1536w\" data-sizes=\"(max-width: 1920px) 100vw, 1920px\" alt=\"Vignaioli\" title=\"\">\n\t\t\t\t\t\t\t\n\t\t\n\t\t\t\t\t\t\t<\/div>\n\t\t\t\n\t\t\n\t\t\t\t<\/div>\n\t\t<\/div>\n\t\n\t\n\t<\/div>\n\t\t\t\t\t\t\t<\/div>\n\t\t<\/div>\n\n\t\t\t\t<\/div>\n\t\t\t\t<\/div>\n\t\t\t\t\t<\/div>\n\t\t<\/div>\n\t\t\t\t\t<\/div>\n\t\t<\/section>\n\t\t\t\t\t<\/div>\n\t\t<\/div>\n\t\t\t\t\t<\/div>\n\t\t<\/section>\n\t\t\t\t<section data-particle_enable=\"false\" data-particle-mobile-disabled=\"false\" class=\"elementor-section elementor-top-section elementor-element elementor-element-0b7b3a5 bg-white pt-large elementor-section-full_width pb-large elementor-section-height-default elementor-section-height-default\" data-id=\"0b7b3a5\" data-element_type=\"section\" data-settings=\"{&quot;theme_remove_top_bottom_gaps&quot;:&quot;yes&quot;,&quot;theme_section_color&quot;:&quot;bg-white&quot;}\">\n\t\t\t\t\t\t<div class=\"elementor-container elementor-column-gap-no\">\n\t\t\t\t\t<div class=\"elementor-column elementor-col-100 elementor-top-column elementor-element elementor-element-8fb81f8\" data-id=\"8fb81f8\" data-element_type=\"column\">\n\t\t\t<div class=\"elementor-widget-wrap elementor-element-populated\">\n\t\t\t\t\t\t<section data-particle_enable=\"false\" data-particle-mobile-disabled=\"false\" class=\"elementor-section elementor-inner-section elementor-element elementor-element-7b9b2ca elementor-section-boxed elementor-section-height-default elementor-section-height-default\" data-id=\"7b9b2ca\" data-element_type=\"section\" data-settings=\"{&quot;theme_remove_top_bottom_gaps&quot;:&quot;yes&quot;}\">\n\t\t\t\t\t\t<div class=\"elementor-container elementor-column-gap-wide\">\n\t\t\t\t\t<div class=\"elementor-column elementor-col-50 elementor-inner-column elementor-element elementor-element-9a6bec3 mb-small\" data-id=\"9a6bec3\" data-element_type=\"column\">\n\t\t\t<div class=\"elementor-widget-wrap elementor-element-populated\">\n\t\t\t\t\t\t<div class=\"elementor-element elementor-element-3ae6368 elementor-widget elementor-widget-kinsey-widget-content-block\" data-id=\"3ae6368\" data-element_type=\"widget\" data-widget_type=\"kinsey-widget-content-block.default\">\n\t\t\t\t<div class=\"elementor-widget-container\">\n\t\t\t\t\t<div class=\"section section-content\">\n\t\t\t\t\t\t<div class=\"section-content__content content arts-split-text js-arts-split-text\" data-arts-split-text=\"lines\" data-arts-split-text-set=\"lines\" data-arts-split-text-overflow-wrap=\"lines\" data-arts-os-animation=\"true\" data-arts-os-animation-name=\"animateText\"><h2>Genesi<\/h2><\/div>\n\t\t\t\t\t<\/div>\n\t\t\t\t<\/div>\n\t\t\t\t<\/div>\n\t\t\t\t\t<\/div>\n\t\t<\/div>\n\t\t\t\t<div class=\"elementor-column elementor-col-50 elementor-inner-column elementor-element elementor-element-9d19a61\" data-id=\"9d19a61\" data-element_type=\"column\">\n\t\t\t<div class=\"elementor-widget-wrap elementor-element-populated\">\n\t\t\t\t\t\t<div class=\"elementor-element elementor-element-251f920 elementor-widget elementor-widget-kinsey-widget-content-block\" data-id=\"251f920\" data-element_type=\"widget\" data-widget_type=\"kinsey-widget-content-block.default\">\n\t\t\t\t<div class=\"elementor-widget-container\">\n\t\t\t\t\t<div class=\"section section-content\">\n\t\t\t\t\t\t<div class=\"section-content__content content arts-split-text js-arts-split-text\" data-arts-split-text=\"lines\" data-arts-split-text-set=\"lines\" data-arts-split-text-overflow-wrap=\"lines\" data-arts-os-animation=\"true\" data-arts-os-animation-name=\"animateText\"><p>Il primo documento che attesta la nostra esistenza risale al 1500, quando la masseria divenne propriet\u00e0 di Isabella Marino, da cui ancora oggi deriva il nome.<\/p><p>Da allora, \u00e8 stata custodita e tramandata attraverso generazioni di donne, un legame che ha plasmato non solo la gestione ma anche lo spirito del luogo.<\/p><p>La fondatrice di Tenute Bellamarina \u00e8 cresciuta immersa nell'amore per l'agricoltura, trasmesso fin dall'infanzia dal nonno.<\/p><p>La sua carriera \u00e8 iniziata con un forte impegno nella conduzione agricola, evolvendosi presto verso la viticoltura e collaborando con altre cantine, ha iniziato a condividere le sue uve, coltivate con dedizione e rispetto per la nostra terra.<\/p><p>Col tempo, la sua passione per la viticoltura si \u00e8 fusa con una crescente sensibilit\u00e0 nei confronti del territorio e dei vignaioli, portandola ad abbracciare l'agricoltura biologica, convinta che un approccio sostenibile fosse essenziale per produrre vini di alta qualit\u00e0 nel pieno rispetto dell'ambiente.<\/p><\/div>\n\t\t\t\t\t<\/div>\n\t\t\t\t<\/div>\n\t\t\t\t<\/div>\n\t\t\t\t\t<\/div>\n\t\t<\/div>\n\t\t\t\t\t<\/div>\n\t\t<\/section>\n\t\t\t\t<section data-particle_enable=\"false\" data-particle-mobile-disabled=\"false\" class=\"elementor-section elementor-inner-section elementor-element elementor-element-eabc192 elementor-section-full_width mt-large elementor-section-height-default elementor-section-height-default\" data-id=\"eabc192\" data-element_type=\"section\" data-settings=\"{&quot;theme_remove_top_bottom_gaps&quot;:&quot;yes&quot;}\">\n\t\t\t\t\t\t<div class=\"elementor-container elementor-column-gap-no\">\n\t\t\t\t\t<div class=\"elementor-column elementor-col-100 elementor-inner-column elementor-element elementor-element-e4d5eef\" data-id=\"e4d5eef\" data-element_type=\"column\">\n\t\t\t<div class=\"elementor-widget-wrap elementor-element-populated\">\n\t\t\t\t\t\t<div class=\"elementor-element elementor-element-be261c0 elementor-widget elementor-widget-kinsey-widget-parallax-background\" data-id=\"be261c0\" data-element_type=\"widget\" data-widget_type=\"kinsey-widget-parallax-background.default\">\n\t\t\t\t<div class=\"elementor-widget-container\">\n\t\t\t\n\t\t<div class=\"section section-image section-content section_w-container-left\">\n\t\t\t<div class=\"section-image__wrapper overflow\">\n\t\t\t\t\n\t<div class=\"mask-reveal js-arts-parallax overflow h-100\" data-arts-os-animation=\"true\" data-arts-os-animation-name=\"animateMask\" data-arts-os-animation-params=\"{&quot;direction&quot;:&quot;left&quot;,&quot;scale&quot;:1.2}\" data-arts-parallax-target=\"innerElement\" data-arts-parallax-scrub=\"true\" data-arts-parallax-factor-y=\"0.1\">\n\n\t\t\t<div class=\"mask-reveal__layer mask-reveal__layer-1\">\n\t\t\t<div class=\"mask-reveal__layer mask-reveal__layer-2\">\n\t\n\t\t\n\t\t\t\t\t\t\t<div class=\"js-arts-parallax__scrub w-100 h-100\">\n\t\t\t\n\t\t\t\t\t\n\t\t\t\t\t\t\t<img decoding=\"async\" class=\"lazy-bg of-cover\" src=\"data:image\/png;base64,iVBORw0KGgoAAAANSUhEUgAAAAEAAAABCAQAAAHCGzyUAAAABGdBTUEAALGPC\/xhBQAAADhlWElmTU0AKgAAAAgAAYdpAAQAAAABAAAAGgAAAAAAAqACAAQAAAABAAAAAaADAAQAAAABAAAAAQAAAADa6r\/EAAAAC0lEQVQI12NolQQAASYAn89qhTcAAAAASUVORK5CYII=\" data-id=\"3339\" data-src=\"https:\/\/tenutebellamarina.com\/wp-content\/smush-avif\/2024\/05\/cantina-3.jpg.avif\" width=\"1920\" height=\"1280\" data-srcset=\"https:\/\/tenutebellamarina.com\/wp-content\/smush-avif\/2024\/05\/cantina-3.jpg.avif 1920w, https:\/\/tenutebellamarina.com\/wp-content\/smush-avif\/2024\/05\/cantina-3-300x200.jpg.avif 300w, https:\/\/tenutebellamarina.com\/wp-content\/smush-avif\/2024\/05\/cantina-3-1024x683.jpg.avif 1024w, https:\/\/tenutebellamarina.com\/wp-content\/uploads\/2024\/05\/cantina-3-768x512.jpg 768w, https:\/\/tenutebellamarina.com\/wp-content\/uploads\/2024\/05\/cantina-3-1536x1024.jpg 1536w\" data-sizes=\"(max-width: 1920px) 100vw, 1920px\" alt=\"Vignaioli\" title=\"\">\n\t\t\t\t\t\t\t\n\t\t\n\t\t\t\t\t\t\t<\/div>\n\t\t\t\n\t\t\n\t\t\t\t<\/div>\n\t\t<\/div>\n\t\n\t\n\t<\/div>\n\t\t\t\t\t\t\t\t\t<div class=\"section-image__caption h6 mt-3 mb-0 section-image__caption-horizontal arts-split-text js-arts-split-text\" data-arts-split-text=\"lines\" data-arts-split-text-set=\"lines\" data-arts-split-text-overflow-wrap=\"lines\" data-arts-os-animation=\"true\" data-arts-os-animation-name=\"animateText\">Vignaioli<\/div>\n\t\t\t\t\t\t\t<\/div>\n\t\t<\/div>\n\n\t\t\t\t<\/div>\n\t\t\t\t<\/div>\n\t\t\t\t\t<\/div>\n\t\t<\/div>\n\t\t\t\t\t<\/div>\n\t\t<\/section>\n\t\t\t\t<section data-particle_enable=\"false\" data-particle-mobile-disabled=\"false\" class=\"elementor-section elementor-inner-section elementor-element elementor-element-318cfaa mt-large elementor-section-boxed elementor-section-height-default elementor-section-height-default\" data-id=\"318cfaa\" data-element_type=\"section\" data-settings=\"{&quot;theme_remove_top_bottom_gaps&quot;:&quot;yes&quot;}\">\n\t\t\t\t\t\t<div class=\"elementor-container elementor-column-gap-wide\">\n\t\t\t\t\t<div class=\"elementor-column elementor-col-50 elementor-inner-column elementor-element elementor-element-6837d0f mb-small\" data-id=\"6837d0f\" data-element_type=\"column\">\n\t\t\t<div class=\"elementor-widget-wrap elementor-element-populated\">\n\t\t\t\t\t\t<div class=\"elementor-element elementor-element-d750851 elementor-widget elementor-widget-kinsey-widget-content-block\" data-id=\"d750851\" data-element_type=\"widget\" data-widget_type=\"kinsey-widget-content-block.default\">\n\t\t\t\t<div class=\"elementor-widget-container\">\n\t\t\t\t\t<div class=\"section section-content\">\n\t\t\t\t\t\t<div class=\"section-content__content content arts-split-text js-arts-split-text\" data-arts-split-text=\"lines\" data-arts-split-text-set=\"lines\" data-arts-split-text-overflow-wrap=\"lines\" data-arts-os-animation=\"true\" data-arts-os-animation-name=\"animateText\"><h2>Visione<\/h2><\/div>\n\t\t\t\t\t<\/div>\n\t\t\t\t<\/div>\n\t\t\t\t<\/div>\n\t\t\t\t\t<\/div>\n\t\t<\/div>\n\t\t\t\t<div class=\"elementor-column elementor-col-50 elementor-inner-column elementor-element elementor-element-83d6ea7\" data-id=\"83d6ea7\" data-element_type=\"column\">\n\t\t\t<div class=\"elementor-widget-wrap elementor-element-populated\">\n\t\t\t\t\t\t<div class=\"elementor-element elementor-element-51c7ba0 elementor-widget elementor-widget-kinsey-widget-content-block\" data-id=\"51c7ba0\" data-element_type=\"widget\" data-widget_type=\"kinsey-widget-content-block.default\">\n\t\t\t\t<div class=\"elementor-widget-container\">\n\t\t\t\t\t<div class=\"section section-content\">\n\t\t\t\t\t\t<div class=\"section-content__content content arts-split-text js-arts-split-text\" data-arts-split-text=\"lines\" data-arts-split-text-set=\"lines\" data-arts-split-text-overflow-wrap=\"lines\" data-arts-os-animation=\"true\" data-arts-os-animation-name=\"animateText\"><p>La nostra visione si concentra su un miglioramento continuo attraverso l'innovazione e un profondo legame con il territorio e la comunit\u00e0 locale.<\/p><p>Il nostro obiettivo principale \u00e8 continuare a migliorare la qualit\u00e0 dei vini prodotti in loco, investendo continuamente in ricerca e innovazione, selezionando con cura le uve e i terreni migliori per garantire un prodotto di eccellenza che rispecchi la ricchezza e la diversit\u00e0 del territorio. I valori che ci contraddistinguono sono passione, tradizione, qualit\u00e0, sostenibilit\u00e0 e autenticit\u00e0.<\/p><p>Da noi il futuro del vino non \u00e8 solo nel calice, ma nel cuore di chi lo produce, e nella terra da cui proviene.<\/p><\/div>\n\t\t\t\t\t<\/div>\n\t\t\t\t<\/div>\n\t\t\t\t<\/div>\n\t\t\t\t\t<\/div>\n\t\t<\/div>\n\t\t\t\t\t<\/div>\n\t\t<\/section>\n\t\t\t\t<section data-particle_enable=\"false\" data-particle-mobile-disabled=\"false\" class=\"elementor-section elementor-inner-section elementor-element elementor-element-5a16411 elementor-section-full_width mt-large elementor-section-height-default elementor-section-height-default\" data-id=\"5a16411\" data-element_type=\"section\" data-settings=\"{&quot;theme_remove_top_bottom_gaps&quot;:&quot;yes&quot;}\">\n\t\t\t\t\t\t<div class=\"elementor-container elementor-column-gap-no\">\n\t\t\t\t\t<div class=\"elementor-column elementor-col-100 elementor-inner-column elementor-element elementor-element-9049a1c\" data-id=\"9049a1c\" data-element_type=\"column\">\n\t\t\t<div class=\"elementor-widget-wrap elementor-element-populated\">\n\t\t\t\t\t\t<div class=\"elementor-element elementor-element-1fb7028 elementor-widget elementor-widget-kinsey-widget-parallax-background\" data-id=\"1fb7028\" data-element_type=\"widget\" data-widget_type=\"kinsey-widget-parallax-background.default\">\n\t\t\t\t<div class=\"elementor-widget-container\">\n\t\t\t\n\t\t<div class=\"section section-image section-content section_w-container-right\">\n\t\t\t<div class=\"section-image__wrapper overflow\">\n\t\t\t\t\n\t<div class=\"mask-reveal js-arts-parallax overflow h-100\" data-arts-os-animation=\"true\" data-arts-os-animation-name=\"animateMask\" data-arts-os-animation-params=\"{&quot;direction&quot;:&quot;right&quot;,&quot;scale&quot;:1.2}\" data-arts-parallax-target=\"innerElement\" data-arts-parallax-scrub=\"true\" data-arts-parallax-factor-y=\"0.1\">\n\n\t\t\t<div class=\"mask-reveal__layer mask-reveal__layer-1\">\n\t\t\t<div class=\"mask-reveal__layer mask-reveal__layer-2\">\n\t\n\t\t\n\t\t\t\t\t\t\t<div class=\"js-arts-parallax__scrub w-100 h-100\">\n\t\t\t\n\t\t\t\t\t\n\t\t\t\t\t\t\t<img decoding=\"async\" class=\"lazy-bg of-cover\" src=\"data:image\/png;base64,iVBORw0KGgoAAAANSUhEUgAAAAEAAAABCAQAAAHCGzyUAAAABGdBTUEAALGPC\/xhBQAAADhlWElmTU0AKgAAAAgAAYdpAAQAAAABAAAAGgAAAAAAAqACAAQAAAABAAAAAaADAAQAAAABAAAAAQAAAADa6r\/EAAAAC0lEQVQI12NolQQAASYAn89qhTcAAAAASUVORK5CYII=\" data-id=\"2897\" data-src=\"https:\/\/tenutebellamarina.com\/wp-content\/smush-avif\/2024\/05\/tenuta.jpg.avif\" width=\"1920\" height=\"1277\" data-srcset=\"https:\/\/tenutebellamarina.com\/wp-content\/smush-avif\/2024\/05\/tenuta.jpg.avif 1920w, https:\/\/tenutebellamarina.com\/wp-content\/smush-avif\/2024\/05\/tenuta-300x200.jpg.avif 300w\" data-sizes=\"(max-width: 1920px) 100vw, 1920px\" alt=\"Tenute Bellamarina\" title=\"\">\n\t\t\t\t\t\t\t\n\t\t\n\t\t\t\t\t\t\t<\/div>\n\t\t\t\n\t\t\n\t\t\t\t<\/div>\n\t\t<\/div>\n\t\n\t\n\t<\/div>\n\t\t\t\t\t\t\t\t\t<div class=\"section-image__caption h6 mt-3 mb-0 section-image__caption-horizontal arts-split-text js-arts-split-text\" data-arts-split-text=\"lines\" data-arts-split-text-set=\"lines\" data-arts-split-text-overflow-wrap=\"lines\" data-arts-os-animation=\"true\" data-arts-os-animation-name=\"animateText\">Tenute Bellamarina<\/div>\n\t\t\t\t\t\t\t<\/div>\n\t\t<\/div>\n\n\t\t\t\t<\/div>\n\t\t\t\t<\/div>\n\t\t\t\t\t<\/div>\n\t\t<\/div>\n\t\t\t\t\t<\/div>\n\t\t<\/section>\n\t\t\t\t<section data-particle_enable=\"false\" data-particle-mobile-disabled=\"false\" class=\"elementor-section elementor-inner-section elementor-element elementor-element-d2b2505 mt-large elementor-section-boxed elementor-section-height-default elementor-section-height-default\" data-id=\"d2b2505\" data-element_type=\"section\" data-settings=\"{&quot;theme_remove_top_bottom_gaps&quot;:&quot;yes&quot;}\">\n\t\t\t\t\t\t<div class=\"elementor-container elementor-column-gap-wide\">\n\t\t\t\t\t<div class=\"elementor-column elementor-col-50 elementor-inner-column elementor-element elementor-element-ab85e56 mb-small\" data-id=\"ab85e56\" data-element_type=\"column\">\n\t\t\t<div class=\"elementor-widget-wrap elementor-element-populated\">\n\t\t\t\t\t\t<div class=\"elementor-element elementor-element-bfee96a elementor-widget elementor-widget-kinsey-widget-content-block\" data-id=\"bfee96a\" data-element_type=\"widget\" data-widget_type=\"kinsey-widget-content-block.default\">\n\t\t\t\t<div class=\"elementor-widget-container\">\n\t\t\t\t\t<div class=\"section section-content\">\n\t\t\t\t\t\t<div class=\"section-content__content content arts-split-text js-arts-split-text\" data-arts-split-text=\"lines\" data-arts-split-text-set=\"lines\" data-arts-split-text-overflow-wrap=\"lines\" data-arts-os-animation=\"true\" data-arts-os-animation-name=\"animateText\"><h2>Ad oggi<\/h2><\/div>\n\t\t\t\t\t<\/div>\n\t\t\t\t<\/div>\n\t\t\t\t<\/div>\n\t\t\t\t\t<\/div>\n\t\t<\/div>\n\t\t\t\t<div class=\"elementor-column elementor-col-50 elementor-inner-column elementor-element elementor-element-5d6fbe8\" data-id=\"5d6fbe8\" data-element_type=\"column\">\n\t\t\t<div class=\"elementor-widget-wrap elementor-element-populated\">\n\t\t\t\t\t\t<div class=\"elementor-element elementor-element-4c3b33f elementor-widget elementor-widget-kinsey-widget-content-block\" data-id=\"4c3b33f\" data-element_type=\"widget\" data-widget_type=\"kinsey-widget-content-block.default\">\n\t\t\t\t<div class=\"elementor-widget-container\">\n\t\t\t\t\t<div class=\"section section-content\">\n\t\t\t\t\t\t<div class=\"section-content__content content arts-split-text js-arts-split-text\" data-arts-split-text=\"lines\" data-arts-split-text-set=\"lines\" data-arts-split-text-overflow-wrap=\"lines\" data-arts-os-animation=\"true\" data-arts-os-animation-name=\"animateText\"><p>Nel maggio del 2024, con l'inaugurazione della cantina, \u00e8 iniziata una nuova era per la nostra azienda che ha come missione non solo la produzione del vino, ma anche la creazione di un punto di incontro per appassionati, esperti del settore e chiunque voglia conoscere questo mondo, allo scopo di condividere le nostre <em>eccellenze in calice <\/em>a prezzi democratici per tutti.<\/p><\/div>\n\t\t\t\t\t<\/div>\n\t\t\t\t<\/div>\n\t\t\t\t<\/div>\n\t\t\t\t<div class=\"elementor-element elementor-element-1586974 elementor-widget elementor-widget-button\" data-id=\"1586974\" data-element_type=\"widget\" data-widget_type=\"button.default\">\n\t\t\t\t<div class=\"elementor-widget-container\">\n\t\t\t\t\t<div class=\"elementor-button-wrapper\">\n\t\t\t<a class=\"elementor-button elementor-button-link elementor-size-sm\" href=\"https:\/\/tenutebellamarina.com\/it\/vigneti\/\">\n\t\t\t\t\t\t<span class=\"elementor-button-content-wrapper\">\n\t\t\t\t\t\t\t\t\t<span class=\"elementor-button-text\">I nostri vigneti<\/span>\n\t\t\t\t\t<\/span>\n\t\t\t\t\t<\/a>\n\t\t<\/div>\n\t\t\t\t<\/div>\n\t\t\t\t<\/div>\n\t\t\t\t\t<\/div>\n\t\t<\/div>\n\t\t\t\t\t<\/div>\n\t\t<\/section>\n\t\t\t\t\t<\/div>\n\t\t<\/div>\n\t\t\t\t\t<\/div>\n\t\t<\/section>\n\t\t<div data-particle_enable=\"false\" data-particle-mobile-disabled=\"false\" class=\"elementor-element elementor-element-57d4b86 e-flex e-con-boxed e-con e-parent\" data-id=\"57d4b86\" data-element_type=\"container\">\n\t\t\t\t\t<div class=\"e-con-inner\">\n\t\t\t\t<div class=\"elementor-element elementor-element-6ae05e5 elementor-shape-rounded elementor-grid-0 e-grid-align-center elementor-widget elementor-widget-social-icons\" data-id=\"6ae05e5\" data-element_type=\"widget\" data-widget_type=\"social-icons.default\">\n\t\t\t\t<div class=\"elementor-widget-container\">\n\t\t\t\t\t<div class=\"elementor-social-icons-wrapper elementor-grid\">\n\t\t\t\t\t\t\t<span class=\"elementor-grid-item\">\n\t\t\t\t\t<a class=\"elementor-icon elementor-social-icon elementor-social-icon-facebook elementor-repeater-item-4284c6a\" href=\"https:\/\/www.facebook.com\/tenutebellamarina\" target=\"_blank\" rel=\"noopener\">\n\t\t\t\t\t\t<span class=\"elementor-screen-only\">Facebook<\/span>\n\t\t\t\t\t\t<i class=\"fab fa-facebook\"><\/i>\t\t\t\t\t<\/a>\n\t\t\t\t<\/span>\n\t\t\t\t\t\t\t<span class=\"elementor-grid-item\">\n\t\t\t\t\t<a class=\"elementor-icon elementor-social-icon elementor-social-icon-instagram elementor-repeater-item-3b53762\" href=\"https:\/\/www.instagram.com\/tenutebellamarina\/\" target=\"_blank\" rel=\"noopener\">\n\t\t\t\t\t\t<span class=\"elementor-screen-only\">Instagram<\/span>\n\t\t\t\t\t\t<i class=\"fab fa-instagram\"><\/i>\t\t\t\t\t<\/a>\n\t\t\t\t<\/span>\n\t\t\t\t\t<\/div>\n\t\t\t\t<\/div>\n\t\t\t\t<\/div>\n\t\t\t\t\t<\/div>\n\t\t\t\t<\/div>\n\t\t\t\t<\/div>\n\t\t","protected":false},"excerpt":{"rendered":"<p>Le origini di Tenute Bellamarina, documentate fin dal XVI secolo e ancor pi\u00f9 antiche, sono sempre state guidate da figure femminili, che hanno portato con loro un&#8217;eredit\u00e0 di forza e dedizione che continua ancora oggi. Genesi Il primo documento che attesta la nostra esistenza risale al 1500, quando la masseria divenne propriet\u00e0 di Isabella Marino, [&hellip;]<\/p>\n","protected":false},"author":1,"featured_media":3826,"parent":0,"menu_order":0,"comment_status":"closed","ping_status":"closed","template":"","meta":{"_acf_changed":false,"footnotes":""},"class_list":["post-3914","page","type-page","status-publish","has-post-thumbnail","hentry"],"acf":[],"_links":{"self":[{"href":"https:\/\/tenutebellamarina.com\/it\/wp-json\/wp\/v2\/pages\/3914","targetHints":{"allow":["GET"]}}],"collection":[{"href":"https:\/\/tenutebellamarina.com\/it\/wp-json\/wp\/v2\/pages"}],"about":[{"href":"https:\/\/tenutebellamarina.com\/it\/wp-json\/wp\/v2\/types\/page"}],"author":[{"embeddable":true,"href":"https:\/\/tenutebellamarina.com\/it\/wp-json\/wp\/v2\/users\/1"}],"replies":[{"embeddable":true,"href":"https:\/\/tenutebellamarina.com\/it\/wp-json\/wp\/v2\/comments?post=3914"}],"version-history":[{"count":0,"href":"https:\/\/tenutebellamarina.com\/it\/wp-json\/wp\/v2\/pages\/3914\/revisions"}],"wp:featuredmedia":[{"embeddable":true,"href":"https:\/\/tenutebellamarina.com\/it\/wp-json\/wp\/v2\/media\/3826"}],"wp:attachment":[{"href":"https:\/\/tenutebellamarina.com\/it\/wp-json\/wp\/v2\/media?parent=3914"}],"curies":[{"name":"wp","href":"https:\/\/api.w.org\/{rel}","templated":true}]}}